{"id":127,"date":"2025-04-28T15:16:18","date_gmt":"2025-04-28T19:16:18","guid":{"rendered":"https:\/\/900millenaire.com\/?page_id=127"},"modified":"2026-04-04T20:22:46","modified_gmt":"2026-04-05T00:22:46","slug":"inri","status":"publish","type":"page","link":"https:\/\/900millenaire.com\/index.php\/inri\/","title":{"rendered":"INRI"},"content":{"rendered":"<p><!DOCTYPE html><br \/>\n<html lang=\"fr\"><br \/>\n<head><br \/>\n  <meta charset=\"UTF-8\"><br \/>\n  <meta name=\"viewport\" content=\"width=device-width, initial-scale=1.0\"><br \/>\n  <title>INRI &#8211; 900 Mill\u00e9naires de Solitude<\/title>\n  <link href=\"https:\/\/fonts.googleapis.com\/css2?family=Merriweather:wght@400;700&#038;display=swap\" rel=\"stylesheet\">\n<style>\n    body { background-color: #fafafa; font-family: 'Merriweather', serif; margin: 0; padding: 0; color: #222; animation: fadeIn 2s ease forwards; }\n    .container { max-width: 700px; margin: 60px auto; padding: 2rem 1rem; text-align: center; }\n    .container img { max-width: 100%; height: auto; border-radius: 8px; margin-bottom: 1.5rem; box-shadow: 0 4px 8px rgba(0,0,0,0.1); }\n    h1 { font-size: 2.5rem; margin-bottom: 0.5rem; }\n    h2 { font-size: 1.5rem; font-style: italic; margin-top: 0; margin-bottom: 2rem; color: #555; }\n    .note-contextuelle { text-align: left; font-size: 1rem; line-height: 1.8; font-style: italic; color: #555; border-left: 3px solid #ccc; padding-left: 1.2rem; margin-bottom: 2.5rem; }\n    .extrait { text-align: justify; font-size: 1.1rem; line-height: 1.7; }\n    .retour { margin-top: 3rem; font-size: 0.9rem; }\n    .retour a { text-decoration: none; color: #888; }\n    .retour a:hover { text-decoration: underline; color: #444; }\n    @keyframes fadeIn { from { opacity: 0; } to { opacity: 1; } }\n  <\/style>\n<p><\/head><br \/>\n<body><\/p>\n<div class=\"container\">\n  <img decoding=\"async\" src=\"https:\/\/900millenaire.com\/wp-content\/uploads\/2025\/04\/croix.jpg\" alt=\"Illustration temporaire\"><\/p>\n<h1>INRI<\/h1>\n<h2>Prologue<\/h2>\n<div class=\"note-contextuelle\">\n<p>900 Mill\u00e9naires de Solitude \u2014 Prologue.<\/p>\n<p>Cette sc\u00e8ne se d\u00e9roule apr\u00e8s la conqu\u00eate de la Terre par les Pravasis. Celui qui marche est l&rsquo;un des rares survivants.<\/p>\n<p>INRI : dans la tradition chr\u00e9tienne, l&rsquo;acronyme signifie \u00ab Iesus Nazarenus Rex Iudaeorum \u00bb. Dans ce roman, la d\u00e9finition a \u00e9t\u00e9 d\u00e9tourn\u00e9e.<\/p>\n<\/p><\/div>\n<div class=\"extrait\">\n<p>Le vent souffle violemment, charriant des fragments du pass\u00e9. Des particules de souvenirs, des \u00e9chos d&rsquo;une \u00e9poque r\u00e9volue. Les pieds \u00e9puis\u00e9s d&rsquo;un homme foulent le sol poussi\u00e9reux d&rsquo;une colline d\u00e9sol\u00e9e. La faim tire ses entrailles, et son visage parchemin\u00e9 par le soleil t\u00e9moigne d&rsquo;un d\u00e9sespoir qui n&rsquo;a d&rsquo;\u00e9gal que sa d\u00e9termination \u00e0 avancer.<\/p>\n<p>Je monte p\u00e9niblement la colline, ignorant l&rsquo;horreur \u00e0 venir. Une lueur surnaturelle m&rsquo;entoure, testament d&rsquo;une invasion venue d&rsquo;ailleurs. Mon esprit est vide et j&rsquo;avance pour survivre, j&rsquo;avance pour fuir, j&rsquo;avance sans but. Quelle ann\u00e9e, quel jour ? J&rsquo;ai oubli\u00e9 depuis longtemps. Cette douleur au ventre accapare presque toute mon attention et me rappelle que je dois trouver quelque chose \u00e0 manger rapidement.<\/p>\n<p>Dans un effort surhumain, je tente de me rem\u00e9morer l&rsquo;avant. Il m&rsquo;arrive de douter de ces images qui remontent \u00e0 la surface et qui montrent une utopie, un r\u00eave, un d\u00e9sir, une paix, une beaut\u00e9. La faim alt\u00e8re mes pens\u00e9es, je dois manger !<\/p>\n<p>Il me semble apercevoir des structures au loin. La chaleur est si intense que l&rsquo;air lui-m\u00eame semble onduler, distordant la r\u00e9alit\u00e9. Nous avons \u00e9t\u00e9 avertis. La Terre, victime de notre ignorance, est devenue une serre \u00e9touffante. Nous refusons la r\u00e9alit\u00e9 et acceptons les chim\u00e8res, c&rsquo;est le grand paradoxe humain.<\/p>\n<p>Au sommet de la colline, un panorama sinistre s&rsquo;\u00e9tend \u00e0 l&rsquo;infini. Une for\u00eat de croix dress\u00e9es, semblables \u00e0 des ombres mena\u00e7antes, pars\u00e8me le paysage. Sur chacune, un corps de supplici\u00e9 est clou\u00e9, comme un troph\u00e9e, t\u00e9moignant de la brutalit\u00e9 d&rsquo;une nouvelle \u00e8re. Une \u00e9poque o\u00f9 les humains ne sont plus les ma\u00eetres de leur destin, mais de simples pions dans un jeu beaucoup plus vaste.<\/p>\n<p>La terre portait la souillure de cette mort atroce qui avait frapp\u00e9 hommes, femmes, et enfants.<\/p>\n<p>Je vacille, je tr\u00e9buche, ma vision s&#8217;embrouille, le peu d&rsquo;\u00e9nergie qu&rsquo;il me reste dispara\u00eet. Une mise en sc\u00e8ne apocalyptique, une punition \u00e0 grande \u00e9chelle pour nous rappeler qu&rsquo;ils sont les ma\u00eetres et que les esclaves que nous sommes ne doivent jamais oublier leur statut.<\/p>\n<p>J&rsquo;avance parmi les croix de bois. Ils ont choisi ce supplice pour que la mort soit lente et douloureuse, non pour nous humilier comme le faisaient nos anc\u00eatres. C&rsquo;est un autre avertissement.<\/p>\n<p>Ils nous crucifient nus pour r\u00e9v\u00e9ler notre nature bestiale. L&rsquo;horreur et la peur me poussent \u00e0 marcher plus vite. Mon regard n&rsquo;arrive pas \u00e0 se d\u00e9tacher de ces corps d\u00e9chus : ils sont comme des tournesols en automne, fig\u00e9s dans l&rsquo;\u00e9ternit\u00e9, tous tourn\u00e9s dans la m\u00eame direction<\/p>\n<p>J&rsquo;arrive au centre de ce qui est la colline des lamentations et des ombres silencieuses. Les croix se dressent comme un m\u00e9morial \u00e0 notre fin, et au milieu, une croix majestueuse. Un squelette y pend, son cr\u00e2ne tourn\u00e9 vers les cieux qu&rsquo;ils contr\u00f4lent d\u00e9sormais. Je peux distinguer sur une plaque aux lettres \u00e0 l&rsquo;envers ce mot : INRI. J&rsquo;en connais le sens : Imperator Nunc Ruinus Interitus.<\/p>\n<\/p><\/div>\n<div class=\"retour\">\n    <a href=\"https:\/\/900millenaire.com\/\">&#8592; Retour \u00e0 la page principale<\/a>\n  <\/div>\n<\/div>\n<p><\/body><br \/>\n<\/html><\/p>\n","protected":false},"excerpt":{"rendered":"<p>INRI &#8211; 900 Mill\u00e9naires de Solitude INRI Prologue 900 Mill\u00e9naires de Solitude \u2014 Prologue. Cette sc\u00e8ne se d\u00e9roule apr\u00e8s la conqu\u00eate de la Terre par les Pravasis. Celui qui marche est l&rsquo;un des rares survivants. INRI : dans la tradition chr\u00e9tienne, l&rsquo;acronyme signifie \u00ab Iesus Nazarenus Rex Iudaeorum \u00bb. Dans ce roman, la d\u00e9finition a [&hellip;]<\/p>\n","protected":false},"author":1,"featured_media":0,"parent":0,"menu_order":3,"comment_status":"closed","ping_status":"closed","template":"","meta":{"footnotes":""},"class_list":["post-127","page","type-page","status-publish","hentry"],"yoast_head":"<!-- This site is optimized with the Yoast SEO plugin v27.3 - https:\/\/yoast.com\/product\/yoast-seo-wordpress\/ -->\n<title>INRI - 900 Mill\u00e9naires de Solitude.<\/title>\n<meta name=\"robots\" content=\"index, follow, max-snippet:-1, max-image-preview:large, max-video-preview:-1\" \/>\n<link rel=\"canonical\" href=\"https:\/\/900millenaire.com\/index.php\/inri\/\" \/>\n<meta property=\"og:locale\" content=\"fr_FR\" \/>\n<meta property=\"og:type\" content=\"article\" \/>\n<meta property=\"og:title\" content=\"INRI - 900 Mill\u00e9naires de Solitude.\" \/>\n<meta property=\"og:description\" content=\"INRI &#8211; 900 Mill\u00e9naires de Solitude INRI Prologue 900 Mill\u00e9naires de Solitude \u2014 Prologue. Cette sc\u00e8ne se d\u00e9roule apr\u00e8s la conqu\u00eate de la Terre par les Pravasis. Celui qui marche est l&rsquo;un des rares survivants. INRI : dans la tradition chr\u00e9tienne, l&rsquo;acronyme signifie \u00ab Iesus Nazarenus Rex Iudaeorum \u00bb. Dans ce roman, la d\u00e9finition a [&hellip;]\" \/>\n<meta property=\"og:url\" content=\"https:\/\/900millenaire.com\/index.php\/inri\/\" \/>\n<meta property=\"og:site_name\" content=\"900 Mill\u00e9naires de Solitude.\" \/>\n<meta property=\"article:modified_time\" content=\"2026-04-05T00:22:46+00:00\" \/>\n<meta property=\"og:image\" content=\"https:\/\/900millenaire.com\/wp-content\/uploads\/2025\/04\/croix.jpg\" \/>\n<meta name=\"twitter:card\" content=\"summary_large_image\" \/>\n<meta name=\"twitter:label1\" content=\"Dur\u00e9e de lecture estim\u00e9e\" \/>\n\t<meta name=\"twitter:data1\" content=\"3 minutes\" \/>\n<script type=\"application\/ld+json\" class=\"yoast-schema-graph\">{\"@context\":\"https:\\\/\\\/schema.org\",\"@graph\":[{\"@type\":\"WebPage\",\"@id\":\"https:\\\/\\\/900millenaire.com\\\/index.php\\\/inri\\\/\",\"url\":\"https:\\\/\\\/900millenaire.com\\\/index.php\\\/inri\\\/\",\"name\":\"INRI - 900 Mill\u00e9naires de Solitude.\",\"isPartOf\":{\"@id\":\"https:\\\/\\\/900millenaire.com\\\/#website\"},\"primaryImageOfPage\":{\"@id\":\"https:\\\/\\\/900millenaire.com\\\/index.php\\\/inri\\\/#primaryimage\"},\"image\":{\"@id\":\"https:\\\/\\\/900millenaire.com\\\/index.php\\\/inri\\\/#primaryimage\"},\"thumbnailUrl\":\"https:\\\/\\\/900millenaire.com\\\/wp-content\\\/uploads\\\/2025\\\/04\\\/croix.jpg\",\"datePublished\":\"2025-04-28T19:16:18+00:00\",\"dateModified\":\"2026-04-05T00:22:46+00:00\",\"breadcrumb\":{\"@id\":\"https:\\\/\\\/900millenaire.com\\\/index.php\\\/inri\\\/#breadcrumb\"},\"inLanguage\":\"fr-FR\",\"potentialAction\":[{\"@type\":\"ReadAction\",\"target\":[\"https:\\\/\\\/900millenaire.com\\\/index.php\\\/inri\\\/\"]}]},{\"@type\":\"ImageObject\",\"inLanguage\":\"fr-FR\",\"@id\":\"https:\\\/\\\/900millenaire.com\\\/index.php\\\/inri\\\/#primaryimage\",\"url\":\"https:\\\/\\\/900millenaire.com\\\/wp-content\\\/uploads\\\/2025\\\/04\\\/croix.jpg\",\"contentUrl\":\"https:\\\/\\\/900millenaire.com\\\/wp-content\\\/uploads\\\/2025\\\/04\\\/croix.jpg\",\"width\":394,\"height\":394},{\"@type\":\"BreadcrumbList\",\"@id\":\"https:\\\/\\\/900millenaire.com\\\/index.php\\\/inri\\\/#breadcrumb\",\"itemListElement\":[{\"@type\":\"ListItem\",\"position\":1,\"name\":\"Accueil\",\"item\":\"https:\\\/\\\/900millenaire.com\\\/\"},{\"@type\":\"ListItem\",\"position\":2,\"name\":\"INRI\"}]},{\"@type\":\"WebSite\",\"@id\":\"https:\\\/\\\/900millenaire.com\\\/#website\",\"url\":\"https:\\\/\\\/900millenaire.com\\\/\",\"name\":\"900 Mill\u00e9naires de Solitude.\",\"description\":\"Roman SF \u00e0 la recherche d\u2019un co-auteur\",\"potentialAction\":[{\"@type\":\"SearchAction\",\"target\":{\"@type\":\"EntryPoint\",\"urlTemplate\":\"https:\\\/\\\/900millenaire.com\\\/?s={search_term_string}\"},\"query-input\":{\"@type\":\"PropertyValueSpecification\",\"valueRequired\":true,\"valueName\":\"search_term_string\"}}],\"inLanguage\":\"fr-FR\"}]}<\/script>\n<!-- \/ Yoast SEO plugin. -->","yoast_head_json":{"title":"INRI - 900 Mill\u00e9naires de Solitude.","robots":{"index":"index","follow":"follow","max-snippet":"max-snippet:-1","max-image-preview":"max-image-preview:large","max-video-preview":"max-video-preview:-1"},"canonical":"https:\/\/900millenaire.com\/index.php\/inri\/","og_locale":"fr_FR","og_type":"article","og_title":"INRI - 900 Mill\u00e9naires de Solitude.","og_description":"INRI &#8211; 900 Mill\u00e9naires de Solitude INRI Prologue 900 Mill\u00e9naires de Solitude \u2014 Prologue. Cette sc\u00e8ne se d\u00e9roule apr\u00e8s la conqu\u00eate de la Terre par les Pravasis. Celui qui marche est l&rsquo;un des rares survivants. INRI : dans la tradition chr\u00e9tienne, l&rsquo;acronyme signifie \u00ab Iesus Nazarenus Rex Iudaeorum \u00bb. Dans ce roman, la d\u00e9finition a [&hellip;]","og_url":"https:\/\/900millenaire.com\/index.php\/inri\/","og_site_name":"900 Mill\u00e9naires de Solitude.","article_modified_time":"2026-04-05T00:22:46+00:00","og_image":[{"url":"https:\/\/900millenaire.com\/wp-content\/uploads\/2025\/04\/croix.jpg","type":"","width":"","height":""}],"twitter_card":"summary_large_image","twitter_misc":{"Dur\u00e9e de lecture estim\u00e9e":"3 minutes"},"schema":{"@context":"https:\/\/schema.org","@graph":[{"@type":"WebPage","@id":"https:\/\/900millenaire.com\/index.php\/inri\/","url":"https:\/\/900millenaire.com\/index.php\/inri\/","name":"INRI - 900 Mill\u00e9naires de Solitude.","isPartOf":{"@id":"https:\/\/900millenaire.com\/#website"},"primaryImageOfPage":{"@id":"https:\/\/900millenaire.com\/index.php\/inri\/#primaryimage"},"image":{"@id":"https:\/\/900millenaire.com\/index.php\/inri\/#primaryimage"},"thumbnailUrl":"https:\/\/900millenaire.com\/wp-content\/uploads\/2025\/04\/croix.jpg","datePublished":"2025-04-28T19:16:18+00:00","dateModified":"2026-04-05T00:22:46+00:00","breadcrumb":{"@id":"https:\/\/900millenaire.com\/index.php\/inri\/#breadcrumb"},"inLanguage":"fr-FR","potentialAction":[{"@type":"ReadAction","target":["https:\/\/900millenaire.com\/index.php\/inri\/"]}]},{"@type":"ImageObject","inLanguage":"fr-FR","@id":"https:\/\/900millenaire.com\/index.php\/inri\/#primaryimage","url":"https:\/\/900millenaire.com\/wp-content\/uploads\/2025\/04\/croix.jpg","contentUrl":"https:\/\/900millenaire.com\/wp-content\/uploads\/2025\/04\/croix.jpg","width":394,"height":394},{"@type":"BreadcrumbList","@id":"https:\/\/900millenaire.com\/index.php\/inri\/#breadcrumb","itemListElement":[{"@type":"ListItem","position":1,"name":"Accueil","item":"https:\/\/900millenaire.com\/"},{"@type":"ListItem","position":2,"name":"INRI"}]},{"@type":"WebSite","@id":"https:\/\/900millenaire.com\/#website","url":"https:\/\/900millenaire.com\/","name":"900 Mill\u00e9naires de Solitude.","description":"Roman SF \u00e0 la recherche d\u2019un co-auteur","potentialAction":[{"@type":"SearchAction","target":{"@type":"EntryPoint","urlTemplate":"https:\/\/900millenaire.com\/?s={search_term_string}"},"query-input":{"@type":"PropertyValueSpecification","valueRequired":true,"valueName":"search_term_string"}}],"inLanguage":"fr-FR"}]}},"_links":{"self":[{"href":"https:\/\/900millenaire.com\/index.php\/wp-json\/wp\/v2\/pages\/127","targetHints":{"allow":["GET"]}}],"collection":[{"href":"https:\/\/900millenaire.com\/index.php\/wp-json\/wp\/v2\/pages"}],"about":[{"href":"https:\/\/900millenaire.com\/index.php\/wp-json\/wp\/v2\/types\/page"}],"author":[{"embeddable":true,"href":"https:\/\/900millenaire.com\/index.php\/wp-json\/wp\/v2\/users\/1"}],"replies":[{"embeddable":true,"href":"https:\/\/900millenaire.com\/index.php\/wp-json\/wp\/v2\/comments?post=127"}],"version-history":[{"count":21,"href":"https:\/\/900millenaire.com\/index.php\/wp-json\/wp\/v2\/pages\/127\/revisions"}],"predecessor-version":[{"id":330,"href":"https:\/\/900millenaire.com\/index.php\/wp-json\/wp\/v2\/pages\/127\/revisions\/330"}],"wp:attachment":[{"href":"https:\/\/900millenaire.com\/index.php\/wp-json\/wp\/v2\/media?parent=127"}],"curies":[{"name":"wp","href":"https:\/\/api.w.org\/{rel}","templated":true}]}}